{"id":339,"date":"2021-03-10T14:23:09","date_gmt":"2021-03-10T13:23:09","guid":{"rendered":"https:\/\/educardio.umw.edu.pl\/akademians\/?page_id=339"},"modified":"2021-10-18T19:40:34","modified_gmt":"2021-10-18T17:40:34","slug":"inicjatywy","status":"publish","type":"page","link":"https:\/\/instytut.umw.edu.pl\/akademians\/inicjatywy\/","title":{"rendered":"Inicjatywy"},"content":{"rendered":"<div id=\"tdi_1\" class=\"tdc-zone\"><div class=\"tdc_zone tdi_2  wpb_row td-pb-row\"  >\n<style scoped>\n\n\/* custom css *\/\n.tdi_2{\r\n                    min-height: 0;\r\n                }\n<\/style><div id=\"tdi_3\" class=\"tdc-row stretch_row\"><div class=\"vc_row tdi_4  wpb_row td-pb-row\" >\n<style scoped>\n\n\/* custom css *\/\n.tdi_4,\r\n                .tdi_4 .tdc-columns{\r\n                    min-height: 0;\r\n                }.tdi_4,\r\n\t\t\t\t.tdi_4 .tdc-columns{\r\n\t\t\t\t    display: block;\r\n\t\t\t\t}.tdi_4 .tdc-columns{\r\n\t\t\t\t    width: 100%;\r\n\t\t\t\t}@media (min-width: 768px) {\r\n\t                .tdi_4 {\r\n\t                    margin-left: -10px;\r\n\t                    margin-right: -10px;\r\n\t                }\r\n\t                .tdi_4 .tdc-row-video-background-error,\r\n\t                .tdi_4 .vc_column {\r\n\t                    padding-left: 10px;\r\n\t                    padding-right: 10px;\r\n\t                }\r\n                }\n\n\/* portrait *\/\n@media (min-width: 768px) and (max-width: 1018px){\n@media (min-width: 768px) {\r\n\t                .tdi_4 {\r\n\t                    margin-left: -5px;\r\n\t                    margin-right: -5px;\r\n\t                }\r\n\t                .tdi_4 .tdc-row-video-background-error,\r\n\t                .tdi_4 .vc_column {\r\n\t                    padding-left: 5px;\r\n\t                    padding-right: 5px;\r\n\t                }\r\n                }\n}\n\/* inline tdc_css att *\/\n\n.tdi_4{\npadding-top:50px !important;\npadding-bottom:10px !important;\n}\n\n.tdi_4 .td_block_wrap{ text-align:left }\n\n\/* portrait *\/\n@media (min-width: 768px) and (max-width: 1018px)\n{\n.tdi_4{\npadding-right:10px !important;\npadding-left:5px !important;\n}\n}\n\n<\/style><div class=\"vc_column tdi_6  wpb_column vc_column_container tdc-column td-pb-span12\">\n<style scoped>\n\n\/* custom css *\/\n.tdi_6{\r\n                    vertical-align: baseline;\r\n                }.tdi_6 > .wpb_wrapper,\r\n\t\t\t\t.tdi_6 > .wpb_wrapper > .tdc-elements{\r\n\t\t\t\t    display: block;\r\n\t\t\t\t}.tdi_6 > .wpb_wrapper > .tdc-elements{\r\n\t\t\t\t    width: 100%;\r\n\t\t\t\t}.tdi_6 > .wpb_wrapper > .vc_row_inner{\r\n\t\t\t\t    width: auto;\r\n\t\t\t\t}.tdi_6 > .wpb_wrapper{\r\n\t\t\t\t    width: auto;\r\n\t\t\t\t    height: auto;\r\n\t\t\t\t}\n\/* inline tdc_css att *\/\n\n.tdi_6{\nwidth:100% !important;\n}\n\n\/* phone *\/\n@media (max-width: 767px)\n{\n.tdi_6{\nmargin-bottom:60px !important;\nwidth:100% !important;\n}\n}\n\n\/* portrait *\/\n@media (min-width: 768px) and (max-width: 1018px)\n{\n.tdi_6{\npadding-left:30px !important;\n}\n}\n\n<\/style><div class=\"wpb_wrapper\"><div class=\"td_block_wrap td_block_title tdi_7 td-pb-border-top td_block_template_2 td-fix-index\"  data-td-block-uid=\"tdi_7\" >\n<style>\n.td_block_template_2.widget > ul > li {\r\n                margin-left: 0 !important;\r\n            }\r\n            \r\n            .td_block_template_2 .td-block-title {\r\n                font-size: 17px;\r\n                font-weight: 500;\r\n                margin-top: 0;\r\n                margin-bottom: 16px;\r\n                line-height: 31px;\r\n                text-align: left;\r\n            }\r\n            .td_block_template_2 .td-block-title > * {\r\n                color: #000;\r\n            }\r\n            .td_block_template_2 .td-related-title a {\r\n                padding: 0 20px 0 0;\r\n            }\r\n            @media (max-width: 767px) {\r\n                .td_block_template_2 .td-related-title a {\r\n                    font-size: 15px;\r\n                }\r\n            }\r\n            .td_block_template_2 .td-related-title .td-cur-simple-item {\r\n                color: #4db2ec;\r\n            }\r\n            \r\n            \r\n            \r\n            \r\n            .td-theme-wrap .tdi_7 .td-block-title > *,\r\n            .td-theme-wrap .tdi_7 .td-pulldown-filter-link:hover,\r\n            .td-theme-wrap .tdi_7 .td-subcat-item a:hover,\r\n            .td-theme-wrap .tdi_7 .td-subcat-item .td-cur-simple-item,\r\n            .td-theme-wrap .tdi_7 .td-subcat-dropdown:hover .td-subcat-more span,\r\n            .td-theme-wrap .tdi_7 .td-subcat-dropdown:hover .td-subcat-more i {\r\n                color: #cc0000;\r\n            }\r\n\r\n            .td-theme-wrap .tdi_7 .td-subcat-dropdown ul:after {\r\n                background-color: #cc0000;\r\n            }\r\n            \r\n            \r\n            .td-theme-wrap .tdi_7 .td_module_wrap:hover .entry-title a,\r\n            .td-theme-wrap .tdi_7 .td_quote_on_blocks,\r\n            .td-theme-wrap .tdi_7 .td-opacity-cat .td-post-category:hover,\r\n            .td-theme-wrap .tdi_7 .td-opacity-read .td-read-more a:hover,\r\n            .td-theme-wrap .tdi_7 .td-opacity-author .td-post-author-name a:hover,\r\n            .td-theme-wrap .tdi_7 .td-instagram-user a {\r\n                color: #cc0000;\r\n            }\r\n\r\n            .td-theme-wrap .tdi_7 .td-next-prev-wrap a:hover,\r\n            .td-theme-wrap .tdi_7 .td-load-more-wrap a:hover {\r\n                background-color: #cc0000;\r\n                border-color: #cc0000;\r\n            }\r\n\r\n            .td-theme-wrap .tdi_7 .td-read-more a,\r\n            .td-theme-wrap .tdi_7 .td-weather-information:before,\r\n            .td-theme-wrap .tdi_7 .td-weather-week:before,\r\n            .td-theme-wrap .tdi_7 .td-exchange-header:before,\r\n            .td-theme-wrap .td-footer-wrapper .tdi_7 .td-post-category,\r\n            .td-theme-wrap .tdi_7 .td-post-category:hover {\r\n                background-color: #cc0000;\r\n            }\n\/* inline tdc_css att *\/\n\n.tdi_7{\nmargin-bottom:20px !important;\npadding-bottom:0px !important;\npadding-left:10px !important;\nborder-color:#000066 !important;\nwidth:450px !important;\nborder-style:solid !important;\nborder-width: 0px 0px 0px 4px !important;\n}\n\n\/* phone *\/\n@media (max-width: 767px)\n{\n.tdi_7{\nwidth:300px !important;\n}\n}\n\n<\/style>\n<style>\n\/* custom css *\/\nbody .tdi_7 .td-block-title a,\r\n\t\t\t\tbody .tdi_7 .td-block-title span{\r\n\t\t\t\t\tfont-family:Cormorant Garamond !important;font-size:46px !important;line-height:1 !important;font-weight:600 !important;\r\n\t\t\t\t}body .tdi_7 .td-block-title{\r\n\t\t\t\t\ttext-align: left;\r\n\t\t\t\t}body .tdi_7.td_block_template_4 .td-block-title > *:before{\r\n\t\t\t\t    right: auto;\r\n\t\t\t\t    left: 10px;\r\n\t\t\t\t}body .tdi_7.td_block_template_5 .td-block-title > *{\r\n\t\t\t\t    border-width: 0 0 0 4px;\r\n\t\t\t\t}body .tdi_7.td_block_template_8 .td-block-title > *{\r\n\t\t\t\t\tpadding-left: 0;\r\n\t\t\t\t\tpadding-right: 20px;\r\n\t\t\t\t}body .tdi_7.td_block_template_9 .td-block-title:after{\r\n\t\t\t\t\tright: auto;\r\n\t\t\t\t\tleft: 0;\r\n\t\t\t\t}body .tdi_7.td_block_template_13 .td-block-subtitle{\r\n\t\t\t\t\tright: auto;\r\n\t\t\t\t\tleft: -4px;\r\n\t\t\t\t}body .tdi_7.td_block_template_17 .td-block-title:after{\r\n\t\t\t\t\tright: auto;\r\n\t\t\t\t\tleft: 15px;\r\n\t\t\t\t}\n<\/style><div class=\"td-block-title-wrap\"><h4 class=\"td-block-title\"><span class=\"td-pulldown-size\">Inicjatywy Akademii<\/span><\/h4><\/div><\/div><\/div><\/div><\/div><\/div><div id=\"tdi_8\" class=\"tdc-row\"><div class=\"vc_row tdi_9  wpb_row td-pb-row\" >\n<style scoped>\n\n\/* custom css *\/\n.tdi_9,\r\n                .tdi_9 .tdc-columns{\r\n                    min-height: 0;\r\n                }.tdi_9,\r\n\t\t\t\t.tdi_9 .tdc-columns{\r\n\t\t\t\t    display: block;\r\n\t\t\t\t}.tdi_9 .tdc-columns{\r\n\t\t\t\t    width: 100%;\r\n\t\t\t\t}\n\/* inline tdc_css att *\/\n\n.tdi_9{\nmargin-top:30px !important;\nmargin-bottom:30px !important;\n}\n\n.tdi_9 .td_block_wrap{ text-align:left }\n\n<\/style><div class=\"vc_column tdi_11  wpb_column vc_column_container tdc-column td-pb-span12\">\n<style scoped>\n\n\/* custom css *\/\n.tdi_11{\r\n                    vertical-align: baseline;\r\n                }.tdi_11 > .wpb_wrapper,\r\n\t\t\t\t.tdi_11 > .wpb_wrapper > .tdc-elements{\r\n\t\t\t\t    display: block;\r\n\t\t\t\t}.tdi_11 > .wpb_wrapper > .tdc-elements{\r\n\t\t\t\t    width: 100%;\r\n\t\t\t\t}.tdi_11 > .wpb_wrapper > .vc_row_inner{\r\n\t\t\t\t    width: auto;\r\n\t\t\t\t}.tdi_11 > .wpb_wrapper{\r\n\t\t\t\t    width: auto;\r\n\t\t\t\t    height: auto;\r\n\t\t\t\t}\n<\/style><div class=\"wpb_wrapper\"><div class=\"td_block_wrap td_block_text_with_title tdi_12 tagdiv-type td-pb-border-top td_block_template_12\"  data-td-block-uid=\"tdi_12\" >\n<style>\n.td_block_template_12.widget > ul > li {\r\n                margin-left: 0 !important;\r\n            }\r\n            .global-block-template-12 .td-comments-title span{\r\n                margin-left: 0 !important;\r\n                font-size: 20px;\r\n            }\r\n            @media (max-width: 767px) {\r\n                .global-block-template-12 .td-comments-title span {\r\n                    font-size: 15px;\r\n                }\r\n            }\r\n            .td_block_template_12 .td-related-title a {\r\n                margin-right: 20px;\r\n                font-size: 20px;\r\n            }\r\n            @media (max-width: 767px) {\r\n                .td_block_template_12 .td-related-title a {\r\n                    font-size: 15px;\r\n                }\r\n            }\r\n            .td_block_template_12 .td-related-title .td-cur-simple-item {\r\n                color: #4db2ec;\r\n            }\r\n            .td_block_template_12 .td-related-title > a.td-related-lef {\r\n                margin-left: 0 !important;\r\n            }\r\n            .td_block_template_12 .td-block-title {\r\n                font-size: 26px;\r\n                font-weight: 800;\r\n                margin-top: 0;\r\n                margin-bottom: 26px;\r\n                line-height: 26px;\r\n                padding: 0;\r\n                letter-spacing: -0.6px;\r\n                text-align: left;\r\n            }\r\n            @media (max-width: 1018px) {\r\n                .td_block_template_12 .td-block-title {\r\n                    font-size: 22px;\r\n                    margin-bottom: 20px;\r\n                }\r\n            }\r\n            .td_block_template_12 .td-block-title > * {\r\n                color: #000;\r\n            }\r\n            .td_block_template_12 .td-subcat-filter {\r\n                line-height: 1;\r\n                display: table;\r\n            }\r\n            .td_block_template_12 .td-subcat-dropdown .td-subcat-more {\r\n                margin-bottom: 8px !important;\r\n                margin-top: 7px;\r\n            }\r\n            .td_block_template_12 .td-pulldown-category {\r\n                font-family: 'Roboto', sans-serif;\r\n                font-size: 14px;\r\n                line-height: 26px;\r\n                color: #444;\r\n                font-weight: 500;\r\n                position: absolute;\r\n                right: 0;\r\n                bottom: -2px;\r\n                top: 0;\r\n                margin: auto 0;\r\n                display: table;\r\n            }\r\n            .td_block_template_12 .td-pulldown-category span {\r\n                display: inline-block;\r\n                -webkit-transition: transform 0.5s ease;\r\n                transition: transform 0.5s ease;\r\n            }\r\n            @media (max-width: 767px) {\r\n                .td_block_template_12 .td-pulldown-category span {\r\n                    display: none;\r\n                }\r\n            }\r\n            .td_block_template_12 .td-pulldown-category i {\r\n                font-size: 10px;\r\n                margin-left: 10px;\r\n            }\r\n            .td_block_template_12 .td-pulldown-category:hover {\r\n                opacity: 0.9;\r\n            }\r\n            .td_block_template_12 .td-pulldown-category:hover span {\r\n                transform: translate3d(-6px, 0, 0);\r\n                -webkit-transform: translate3d(-6px, 0, 0);\r\n            }\r\n            @media (min-width: 768px) and (max-width: 1018px) {\r\n                .td-pb-span4 .td_block_template_12 .td-pulldown-category span {\r\n                    display: none;\r\n                }\r\n            }\r\n            \r\n\r\n            \r\n            .tdi_12 .td-block-title > * {\r\n                color: #cc0000 !important;\r\n            }\n<\/style>\n<style>\n\/* custom css *\/\n.td_block_text_with_title{\r\n                  margin-bottom: 44px;\r\n                  -webkit-transform: translateZ(0);\r\n                  transform: translateZ(0);\r\n                }.td_block_text_with_title p:last-child{\r\n                  margin-bottom: 0;\r\n                }.tdi_12,\r\n                .tdi_12 p{\r\n\t\t\t        font-family:Alegreya Sans !important;font-size:18px !important;\r\n\t\t        }.tdi_12 h4{\r\n\t\t\t        font-weight:700 !important;\r\n\t\t        }.tdi_12 h1,\r\n\t\t\t\t.tdi_12 h2,\r\n\t\t\t\t.tdi_12 h3,\r\n\t\t\t\t.tdi_12 h4,\r\n\t\t\t\t.tdi_12 h5,\r\n\t\t\t\t.tdi_12 h6{\r\n\t\t\t        color: #cc0000;\r\n\t\t        }\n<\/style><div class=\"td-block-title-wrap\"><h4 class=\"td-block-title\"><span>1.<\/span><\/h4><\/div><div class=\"td_mod_wrap td-fix-index\"><p>Dnia 31 sierpnia 2021 we Wroc\u0142awiu odby\u0142o si\u0119 mi\u0119dzynarodowe forum eksperckie pt.<br \/>\u201eNowe europejskie zalecenia dotycz\u0105ce diagnostyki i\u00a0leczenia chorych na niewydolno\u015b\u0107 serca (2021): jak wp\u0142yn\u0105 na praktyk\u0119 kliniczn\u0105 w\u00a0Polsce?\u201d.<\/p>\n<\/div><\/div><div class=\"tdm_block td_block_wrap tdm_block_button tdi_13 tdm-block-button-inline tdm-content-horiz-left td-pb-border-top td_block_template_1\"  data-td-block-uid=\"tdi_13\"     >\n<style>\n\n\/* inline tdc_css att *\/\n\n.tdi_13{\nmargin-top:0px !important;\n}\n\n<\/style>\n<style>\n\/* custom css *\/\n.tdm_block.tdm_block_button{\r\n                  margin-bottom: 0;\r\n                }.tdm_block.tdm_block_button .tds-button{\r\n                  line-height: 0;\r\n                }.tdm_block.tdm_block_button.tdm-block-button-inline{\r\n                  display: inline-block;\r\n                }.tdm_block.tdm_block_button.tdm-block-button-full,\r\n                .tdm_block.tdm_block_button.tdm-block-button-full .tdm-btn{\r\n                  display: block;\r\n                }\n<\/style>\n<style>\nbody .tdi_14 .tdm-btn,\r\n\t\t\t\tbody .tdi_14{\r\n\t\t\t\t\tbackground-color: #cc0000;\r\n\t\t\t\t}.tdi_14:hover .tdm-btn{\r\n\t\t\t\t\tbackground-color: #000066;\r\n\t\t\t\t}\n<\/style><div class=\"tds-button td-fix-index\"><div class=\"tds-button4 tdm-btn-md-wrap tdi_14\"><a href=\"\/akademians\/program\" class=\"tdm-btn tdm-button-a tdm-btn-md\" ><span class=\"tdm-btn-text\">PROGRAM &gt;&gt;&gt;<\/span><\/a><a href=\"\/akademians\/program\" class=\"tdm-btn tdm-button-b tdm-btn-md\" ><span class=\"tdm-btn-text\">PROGRAM &gt;&gt;&gt;<\/span><\/a><\/div><\/div><\/div><\/div><\/div><\/div><\/div><div id=\"tdi_15\" class=\"tdc-row stretch_row\"><div class=\"vc_row tdi_16  wpb_row td-pb-row tdc-element-style\" >\n<style scoped>\n\n\/* custom css *\/\n.tdi_16,\r\n                .tdi_16 .tdc-columns{\r\n                    min-height: 0;\r\n                }.tdi_16,\r\n\t\t\t\t.tdi_16 .tdc-columns{\r\n\t\t\t\t    display: block;\r\n\t\t\t\t}.tdi_16 .tdc-columns{\r\n\t\t\t\t    width: 100%;\r\n\t\t\t\t}\n\/* inline tdc_css att *\/\n\n.tdi_16{\nmargin-bottom:30px !important;\npadding-top:30px !important;\nposition:relative;\n}\n\n.tdi_16 .td_block_wrap{ text-align:left }\n\n<\/style>\n<div class=\"tdi_15_rand_style td-element-style\" ><style>\n.tdi_15_rand_style{\nbackground-color:#f4f4f4 !important;\n}\n <\/style><\/div><div class=\"vc_column tdi_18  wpb_column vc_column_container tdc-column td-pb-span12\">\n<style scoped>\n\n\/* custom css *\/\n.tdi_18{\r\n                    vertical-align: baseline;\r\n                }.tdi_18 > .wpb_wrapper,\r\n\t\t\t\t.tdi_18 > .wpb_wrapper > .tdc-elements{\r\n\t\t\t\t    display: block;\r\n\t\t\t\t}.tdi_18 > .wpb_wrapper > .tdc-elements{\r\n\t\t\t\t    width: 100%;\r\n\t\t\t\t}.tdi_18 > .wpb_wrapper > .vc_row_inner{\r\n\t\t\t\t    width: auto;\r\n\t\t\t\t}.tdi_18 > .wpb_wrapper{\r\n\t\t\t\t    width: auto;\r\n\t\t\t\t    height: auto;\r\n\t\t\t\t}\n<\/style><div class=\"wpb_wrapper\"><div class=\"td_block_wrap td_block_text_with_title tdi_19 tagdiv-type td-pb-border-top td_block_template_12\"  data-td-block-uid=\"tdi_19\" >\n<style>\n.tdi_19 .td-block-title > * {\r\n                color: #cc0000 !important;\r\n            }\n<\/style>\n<style>\n\/* custom css *\/\n.tdi_19,\r\n                .tdi_19 p{\r\n\t\t\t        font-family:Alegreya Sans !important;font-size:18px !important;\r\n\t\t        }.tdi_19 h4{\r\n\t\t\t        font-weight:700 !important;\r\n\t\t        }.tdi_19 h1,\r\n\t\t\t\t.tdi_19 h2,\r\n\t\t\t\t.tdi_19 h3,\r\n\t\t\t\t.tdi_19 h4,\r\n\t\t\t\t.tdi_19 h5,\r\n\t\t\t\t.tdi_19 h6{\r\n\t\t\t        color: #cc0000;\r\n\t\t        }.tdi_19 a{\r\n\t\t\t        color: #cc0000;\r\n\t\t        }.tdi_19 a:hover{\r\n\t\t\t        color: #000066;\r\n\t\t        }\n<\/style><div class=\"td-block-title-wrap\"><h4 class=\"td-block-title\"><span>2.<\/span><\/h4><\/div><div class=\"td_mod_wrap td-fix-index\"><p style=\"text-align: justify;\">W IV kwartale 2021 roku Akademia Niewydolno\u015bci Serca zaprasza do udzia\u0142u w czterech regionalnych spotkaniach eksperckich pod has\u0142em <strong>\u201eNowe europejskie zalecenia dotycz\u0105ce niewydolno\u015bci serca\u201d<\/strong>.<br \/>Akcja szkoleniowa obejmuje swoim zasi\u0119giem ca\u0142\u0105 Polsk\u0119. W jej organizacj\u0119 zaanga\u017cowane s\u0105 wiod\u0105ce o\u015brodki akademickie. Jej celem jest wymiana my\u015bli oraz dyskusja w gronie ekspert\u00f3w na temat <strong>najnowszych europejskich zalece\u0144 dotycz\u0105cych diagnostyki i leczenia chorych na niewydolno\u015b\u0107 serca<\/strong>, metod ich wdra\u017cania do codziennej praktyki klinicznej oraz monitorowania skuteczno\u015bci tych dzia\u0142a\u0144.<br \/>Spotkania odb\u0119d\u0105 si\u0119 w r\u00f3\u017cnych terminach w czterech miastach Polski, tak aby w debacie mog\u0142o wzi\u0105\u0107 udzia\u0142 jak najszersze grono specjalist\u00f3w z ca\u0142ej Polski. B\u0119d\u0105 prowadzone w formie hybrydowej: stacjonarnie \u2013 dla zaproszonych ekspert\u00f3w (zgodnie z aktualnymi wytycznymi ilo\u015bciowymi w zwi\u0105zku z sytuacj\u0105 epidemiczn\u0105) oraz online \u2013 dla wszystkich pozosta\u0142ych uczestnik\u00f3w.<br \/>Zach\u0119camy do rejestracji i udzia\u0142u w spotkaniach!<\/p>\n<p><strong>Warszawa, 28 pa\u017adziernika 2021 r.<\/strong><br \/><a href=\"\/akademians\/program-warszawa\/\">PROGRAM >>><\/a>\u00a0 ||\u00a0 <a href=\"https:\/\/akademianiewydolnosciserca.pl\/rejestracja-warszawa\">REJESTRACJA >>><\/a><\/p>\n<p><strong>Gda\u0144sk, 16 listopada 2021 r.<\/strong><br \/><a href=\"\/akademians\/program-gdansk\/\">PROGRAM >>><\/a>\u00a0 ||\u00a0 <a href=\"https:\/\/akademianiewydolnosciserca.pl\/rejestracja-gdansk\">REJESTRACJA >>><\/a><\/p>\n<p><strong>Krak\u00f3w, 22 listopada 2021 r.<\/strong><br \/><a href=\"\/akademians\/program-krakow\/\">PROGRAM >>><\/a>\u00a0 ||\u00a0 <a href=\"https:\/\/akademianiewydolnosciserca.pl\/rejestracja-krakow\">REJESTRACJA >>><\/a><\/p>\n<p><strong>Pozna\u0144, 7 grudnia 2021 r.<\/strong><br \/><a href=\"\/akademians\/program-poznan\/\">PROGRAM >>><\/a>\u00a0 ||\u00a0 <a href=\"https:\/\/akademianiewydolnosciserca.pl\/rejestracja-poznan\">REJESTRACJA >>><\/a><\/p>\n<\/div><\/div><\/div><\/div><\/div><\/div><div id=\"tdi_20\" class=\"tdc-row stretch_row\"><div class=\"vc_row tdi_21  wpb_row td-pb-row\" >\n<style scoped>\n\n\/* custom css *\/\n.tdi_21,\r\n                .tdi_21 .tdc-columns{\r\n                    min-height: 0;\r\n                }.tdi_21,\r\n\t\t\t\t.tdi_21 .tdc-columns{\r\n\t\t\t\t    display: block;\r\n\t\t\t\t}.tdi_21 .tdc-columns{\r\n\t\t\t\t    width: 100%;\r\n\t\t\t\t}\n\/* inline tdc_css att *\/\n\n.tdi_21{\nmargin-bottom:30px !important;\npadding-top:30px !important;\n}\n\n.tdi_21 .td_block_wrap{ text-align:left }\n\n<\/style><div class=\"vc_column tdi_23  wpb_column vc_column_container tdc-column td-pb-span12\">\n<style scoped>\n\n\/* custom css *\/\n.tdi_23{\r\n                    vertical-align: baseline;\r\n                }.tdi_23 > .wpb_wrapper,\r\n\t\t\t\t.tdi_23 > .wpb_wrapper > .tdc-elements{\r\n\t\t\t\t    display: block;\r\n\t\t\t\t}.tdi_23 > .wpb_wrapper > .tdc-elements{\r\n\t\t\t\t    width: 100%;\r\n\t\t\t\t}.tdi_23 > .wpb_wrapper > .vc_row_inner{\r\n\t\t\t\t    width: auto;\r\n\t\t\t\t}.tdi_23 > .wpb_wrapper{\r\n\t\t\t\t    width: auto;\r\n\t\t\t\t    height: auto;\r\n\t\t\t\t}\n<\/style><div class=\"wpb_wrapper\"><div class=\"td_block_wrap td_block_text_with_title tdi_24 tagdiv-type td-pb-border-top td_block_template_12\"  data-td-block-uid=\"tdi_24\" >\n<style>\n.tdi_24 .td-block-title > * {\r\n                color: #cc0000 !important;\r\n            }\n<\/style>\n<style>\n\/* custom css *\/\n.tdi_24,\r\n                .tdi_24 p{\r\n\t\t\t        font-family:Alegreya Sans !important;font-size:18px !important;\r\n\t\t        }.tdi_24 h4{\r\n\t\t\t        font-weight:700 !important;\r\n\t\t        }.tdi_24 h1,\r\n\t\t\t\t.tdi_24 h2,\r\n\t\t\t\t.tdi_24 h3,\r\n\t\t\t\t.tdi_24 h4,\r\n\t\t\t\t.tdi_24 h5,\r\n\t\t\t\t.tdi_24 h6{\r\n\t\t\t        color: #cc0000;\r\n\t\t        }\n<\/style><div class=\"td-block-title-wrap\"><h4 class=\"td-block-title\"><span>3.<\/span><\/h4><\/div><div class=\"td_mod_wrap td-fix-index\"><p>Jesieni\u0105 2021 roku zostanie uruchomiony prospektywny rejestr chorych na niewydolno\u015b\u0107 serca w Polsce (kierowany przez <strong>prof.\u00a0Jaros\u0142awa Dro\u017cd\u017ca<\/strong>) we\u00a0wsp\u00f3\u0142pracy z\u00a0europejskimi ekspertami z\u00a0zakresu niewydolno\u015bci serca.<\/p>\n<\/div><\/div><div class=\"tdm_block td_block_wrap tdm_block_button tdi_25 tdm-block-button-inline tdm-content-horiz-left td-pb-border-top td_block_template_1\"  data-td-block-uid=\"tdi_25\"     >\n<style>\n\n\/* inline tdc_css att *\/\n\n.tdi_25{\nmargin-top:0px !important;\n}\n\n<\/style>\n<style>\nbody .tdi_26 .tdm-btn,\r\n\t\t\t\tbody .tdi_26{\r\n\t\t\t\t\tbackground-color: #cc0000;\r\n\t\t\t\t}.tdi_26:hover .tdm-btn{\r\n\t\t\t\t\tbackground-color: #000066;\r\n\t\t\t\t}\n<\/style><div class=\"tds-button td-fix-index\"><div class=\"tds-button4 tdm-btn-md-wrap tdi_26\"><a href=\"https:\/\/ns.ptkardio.pl\" class=\"tdm-btn tdm-button-a tdm-btn-md\"  target=\"_blank\" ><span class=\"tdm-btn-text\">SZCZEG\u00d3\u0141Y &gt;&gt;&gt;<\/span><\/a><a href=\"https:\/\/ns.ptkardio.pl\" class=\"tdm-btn tdm-button-b tdm-btn-md\"  target=\"_blank\" ><span class=\"tdm-btn-text\">SZCZEG\u00d3\u0141Y &gt;&gt;&gt;<\/span><\/a><\/div><\/div><\/div><\/div><\/div><\/div><\/div><\/div><\/div>","protected":false},"excerpt":{"rendered":"","protected":false},"author":1,"featured_media":0,"parent":0,"menu_order":0,"comment_status":"closed","ping_status":"closed","template":"","meta":{"footnotes":""},"class_list":["post-339","page","type-page","status-publish"],"_links":{"self":[{"href":"https:\/\/instytut.umw.edu.pl\/akademians\/wp-json\/wp\/v2\/pages\/339","targetHints":{"allow":["GET"]}}],"collection":[{"href":"https:\/\/instytut.umw.edu.pl\/akademians\/wp-json\/wp\/v2\/pages"}],"about":[{"href":"https:\/\/instytut.umw.edu.pl\/akademians\/wp-json\/wp\/v2\/types\/page"}],"author":[{"embeddable":true,"href":"https:\/\/instytut.umw.edu.pl\/akademians\/wp-json\/wp\/v2\/users\/1"}],"replies":[{"embeddable":true,"href":"https:\/\/instytut.umw.edu.pl\/akademians\/wp-json\/wp\/v2\/comments?post=339"}],"version-history":[{"count":26,"href":"https:\/\/instytut.umw.edu.pl\/akademians\/wp-json\/wp\/v2\/pages\/339\/revisions"}],"predecessor-version":[{"id":1601,"href":"https:\/\/instytut.umw.edu.pl\/akademians\/wp-json\/wp\/v2\/pages\/339\/revisions\/1601"}],"wp:attachment":[{"href":"https:\/\/instytut.umw.edu.pl\/akademians\/wp-json\/wp\/v2\/media?parent=339"}],"curies":[{"name":"wp","href":"https:\/\/api.w.org\/{rel}","templated":true}]}}