{"id":339,"date":"2021-03-10T14:23:09","date_gmt":"2021-03-10T13:23:09","guid":{"rendered":"https:\/\/educardio.umw.edu.pl\/expertforum\/?page_id=339"},"modified":"2021-08-24T16:34:59","modified_gmt":"2021-08-24T14:34:59","slug":"program","status":"publish","type":"page","link":"https:\/\/instytut.umw.edu.pl\/expertforum\/program\/","title":{"rendered":"Program"},"content":{"rendered":"<div id=\"tdi_1\" class=\"tdc-zone\"><div class=\"tdc_zone tdi_2  wpb_row td-pb-row\"  >\n<style scoped>\n\n\/* custom css *\/\n.tdi_2{\r\n                    min-height: 0;\r\n                }\n<\/style><div id=\"tdi_3\" class=\"tdc-row stretch_row_1800 td-stretch-content\"><div class=\"vc_row tdi_4  wpb_row td-pb-row tdc-element-style\" >\n<style scoped>\n\n\/* custom css *\/\n.tdi_4,\r\n                .tdi_4 .tdc-columns{\r\n                    min-height: 400px;\r\n                }.tdi_4,\r\n\t\t\t\t.tdi_4 .tdc-columns{\r\n\t\t\t\t    display: block;\r\n\t\t\t\t}.tdi_4 .tdc-columns{\r\n\t\t\t\t    width: 100%;\r\n\t\t\t\t}\n\n\/* landscape *\/\n@media (min-width: 1019px) and (max-width: 1140px){\n.tdi_4,\r\n                .tdi_4 .tdc-columns{\r\n                    min-height: 180px;\r\n                }\n}\n\n\/* portrait *\/\n@media (min-width: 768px) and (max-width: 1018px){\n.tdi_4,\r\n                .tdi_4 .tdc-columns{\r\n                    min-height: 220px;\r\n                }\n}\n\/* inline tdc_css att *\/\n\n.tdi_4{\npadding-top:50px !important;\npadding-bottom:60px !important;\nposition:relative;\n}\n\n.tdi_4 .td_block_wrap{ text-align:left }\n\n\/* landscape *\/\n@media (min-width: 1019px) and (max-width: 1140px)\n{\n.tdi_4{\npadding-top:60px !important;\npadding-bottom:60px !important;\n}\n}\n\n\/* portrait *\/\n@media (min-width: 768px) and (max-width: 1018px)\n{\n.tdi_4{\npadding-top:0px !important;\npadding-bottom:0px !important;\n}\n}\n\n\/* phone *\/\n@media (max-width: 767px)\n{\n.tdi_4{\npadding-top:10px !important;\npadding-bottom:10px !important;\n}\n}\n\n<\/style>\n<div class=\"tdi_3_rand_style td-element-style\" ><div class=\"td-element-style-before\"><style>\n.tdi_3_rand_style > .td-element-style-before {\ncontent:'' !important;\nwidth:100% !important;\nheight:100% !important;\nposition:absolute !important;\ntop:0 !important;\nleft:0 !important;\ndisplay:block !important;\nz-index:0 !important;\nbackground-image:url(\"https:\/\/educardio.umw.edu.pl\/expertforum\/wp-content\/uploads\/2021\/08\/expert-banner-scaled.jpg\") !important;\nbackground-position:center center !important;\nbackground-size:cover !important;\n}\n<\/style><\/div><\/div><div class=\"vc_column tdi_6  wpb_column vc_column_container tdc-column td-pb-span12\">\n<style scoped>\n\n\/* custom css *\/\n.tdi_6{\r\n                    vertical-align: baseline;\r\n                }.tdi_6 > .wpb_wrapper,\r\n\t\t\t\t.tdi_6 > .wpb_wrapper > .tdc-elements{\r\n\t\t\t\t    display: block;\r\n\t\t\t\t}.tdi_6 > .wpb_wrapper > .tdc-elements{\r\n\t\t\t\t    width: 100%;\r\n\t\t\t\t}.tdi_6 > .wpb_wrapper > .vc_row_inner{\r\n\t\t\t\t    width: auto;\r\n\t\t\t\t}.tdi_6 > .wpb_wrapper{\r\n\t\t\t\t    width: auto;\r\n\t\t\t\t    height: auto;\r\n\t\t\t\t}\n\n\/* landscape *\/\n@media (min-width: 1019px) and (max-width: 1140px){\n.tdi_6 > .wpb_wrapper,\r\n\t\t\t\t.tdi_6 > .wpb_wrapper > .tdc-elements{\r\n                    min-height: 1px;\r\n                }\n}\n<\/style><div class=\"wpb_wrapper\"><div class=\"tdm_block td_block_wrap tdm_block_inline_text tdi_7 td-pb-border-top td_block_template_1\"  data-td-block-uid=\"tdi_7\" >\n<style>\n\n\/* inline tdc_css att *\/\n\n.tdi_7{\npadding-top:20px !important;\npadding-bottom:20px !important;\n}\n\n<\/style>\n<style>\n\/* custom css *\/\n.tdm_block.tdm_block_inline_text{\r\n                  margin-bottom: 0;\r\n                  vertical-align: top;\r\n                }.tdm_block.tdm_block_inline_text .tdm-descr{\r\n                  margin-bottom: 0;\r\n                  -webkit-transform: translateZ(0);\r\n                  transform: translateZ(0);\r\n                }.tdc-row-content-vert-center .tdm-inline-text-yes{\r\n                  vertical-align: middle;\r\n                }.tdc-row-content-vert-bottom .tdm-inline-text-yes{\r\n                  vertical-align: bottom;\r\n                }.tdi_7{\r\n                    text-align: center !important;\r\n                    margin-right: auto; \r\n                    margin-left: auto;\r\n                }.tdi_7 .tdm-descr{\r\n                    color: #ffffff;\r\n                \r\n\t\t\t\t\tfont-family:Alegreya Sans SC !important;font-size:26px !important;line-height:1.6 !important;font-weight:300 !important;letter-spacing:3.0px !important;\r\n\t\t\t\t}\n\n\/* landscape *\/\n@media (min-width: 1019px) and (max-width: 1140px){\n.tdi_7 .tdm-descr{\r\n\t\t\t\t\tfont-family:Alegreya Sans SC !important;font-size:24px !important;line-height:1.6 !important;font-weight:300 !important;letter-spacing:3.0px !important;\r\n\t\t\t\t}\n}\n\n\/* portrait *\/\n@media (min-width: 768px) and (max-width: 1018px){\n.tdi_7 .tdm-descr{\r\n\t\t\t\t\tfont-family:Alegreya Sans SC !important;font-size:18px !important;line-height:1.6 !important;font-weight:300 !important;letter-spacing:3.0px !important;\r\n\t\t\t\t}\n}\n\n\/* phone *\/\n@media (max-width: 767px){\n.tdi_7 .tdm-descr{\r\n\t\t\t\t\tfont-family:Alegreya Sans SC !important;font-size:16px !important;line-height:1.6 !important;font-weight:300 !important;letter-spacing:3.0px !important;\r\n\t\t\t\t}\n}\n<\/style><p class=\"tdm-descr\">mi\u0119dzynarodowe forum ekspert\u00f3w<\/p><\/div><div class=\"tdm_block td_block_wrap tdm_block_inline_text tdi_8 td-pb-border-top td_block_template_1\"  data-td-block-uid=\"tdi_8\" >\n<style>\n\/* custom css *\/\n.tdi_8{\r\n                    text-align: center !important;\r\n                    margin-right: auto; \r\n                    margin-left: auto;\r\n                }.tdi_8 .tdm-descr{\r\n                    color: #ffffff;\r\n                \r\n\t\t\t\t\tfont-family:Cormorant Garamond !important;font-size:40px !important;line-height:1.2 !important;font-weight:400 !important;letter-spacing:1.5px !important;\r\n\t\t\t\t}\n\n\/* landscape *\/\n@media (min-width: 1019px) and (max-width: 1140px){\n.tdi_8 .tdm-descr{\r\n\t\t\t\t\tfont-family:Cormorant Garamond !important;font-size:60px !important;line-height:1.2 !important;font-weight:400 !important;letter-spacing:1.5px !important;\r\n\t\t\t\t}\n}\n\n\/* portrait *\/\n@media (min-width: 768px) and (max-width: 1018px){\n.tdi_8 .tdm-descr{\r\n\t\t\t\t\tfont-family:Cormorant Garamond !important;font-size:42px !important;line-height:1.2 !important;font-weight:400 !important;letter-spacing:1.5px !important;\r\n\t\t\t\t}\n}\n\n\/* phone *\/\n@media (max-width: 767px){\n.tdi_8 .tdm-descr{\r\n\t\t\t\t\tfont-family:Cormorant Garamond !important;font-size:36px !important;line-height:1.2 !important;font-weight:400 !important;letter-spacing:1.5px !important;\r\n\t\t\t\t}\n}\n<\/style><p class=\"tdm-descr\">Zalecenia ESC 2021<br>\ndotycz\u0105ce niewydolno\u015bci serca<\/p><\/div><div class=\"tdm_block td_block_wrap tdm_block_inline_text tdi_9 td-pb-border-top td_block_template_1\"  data-td-block-uid=\"tdi_9\" >\n<style>\n\n\/* inline tdc_css att *\/\n\n.tdi_9{\npadding-top:20px !important;\npadding-bottom:20px !important;\n}\n\n<\/style>\n<style>\n\/* custom css *\/\n.tdi_9{\r\n                    text-align: center !important;\r\n                    margin-right: auto; \r\n                    margin-left: auto;\r\n                }.tdi_9 .tdm-descr{\r\n                    color: #ffffff;\r\n                \r\n\t\t\t\t\tfont-family:Alegreya Sans SC !important;font-size:26px !important;line-height:1.6 !important;font-weight:700 !important;letter-spacing:3.0px !important;\r\n\t\t\t\t}\n\n\/* landscape *\/\n@media (min-width: 1019px) and (max-width: 1140px){\n.tdi_9 .tdm-descr{\r\n\t\t\t\t\tfont-family:Alegreya Sans SC !important;font-size:24px !important;line-height:1.6 !important;font-weight:700 !important;letter-spacing:3.0px !important;\r\n\t\t\t\t}\n}\n\n\/* portrait *\/\n@media (min-width: 768px) and (max-width: 1018px){\n.tdi_9 .tdm-descr{\r\n\t\t\t\t\tfont-family:Alegreya Sans SC !important;font-size:18px !important;line-height:1.6 !important;font-weight:700 !important;letter-spacing:3.0px !important;\r\n\t\t\t\t}\n}\n\n\/* phone *\/\n@media (max-width: 767px){\n.tdi_9 .tdm-descr{\r\n\t\t\t\t\tfont-family:Alegreya Sans SC !important;font-size:16px !important;line-height:1.6 !important;font-weight:700 !important;letter-spacing:3.0px !important;\r\n\t\t\t\t}\n}\n<\/style><p class=\"tdm-descr\">wroc\u0142aw \u2022 31 sierpnia 2021 \u2022 14:00-16:00<\/p><\/div><\/div><\/div><\/div><\/div><div id=\"tdi_10\" class=\"tdc-row stretch_row\"><div class=\"vc_row tdi_11  wpb_row td-pb-row\" >\n<style scoped>\n\n\/* custom css *\/\n.tdi_11,\r\n                .tdi_11 .tdc-columns{\r\n                    min-height: 0;\r\n                }.tdi_11,\r\n\t\t\t\t.tdi_11 .tdc-columns{\r\n\t\t\t\t    display: block;\r\n\t\t\t\t}.tdi_11 .tdc-columns{\r\n\t\t\t\t    width: 100%;\r\n\t\t\t\t}@media (min-width: 768px) {\r\n\t                .tdi_11 {\r\n\t                    margin-left: -10px;\r\n\t                    margin-right: -10px;\r\n\t                }\r\n\t                .tdi_11 .tdc-row-video-background-error,\r\n\t                .tdi_11 .vc_column {\r\n\t                    padding-left: 10px;\r\n\t                    padding-right: 10px;\r\n\t                }\r\n                }\n\n\/* portrait *\/\n@media (min-width: 768px) and (max-width: 1018px){\n@media (min-width: 768px) {\r\n\t                .tdi_11 {\r\n\t                    margin-left: -5px;\r\n\t                    margin-right: -5px;\r\n\t                }\r\n\t                .tdi_11 .tdc-row-video-background-error,\r\n\t                .tdi_11 .vc_column {\r\n\t                    padding-left: 5px;\r\n\t                    padding-right: 5px;\r\n\t                }\r\n                }\n}\n\/* inline tdc_css att *\/\n\n.tdi_11{\npadding-top:50px !important;\npadding-bottom:10px !important;\n}\n\n.tdi_11 .td_block_wrap{ text-align:left }\n\n\/* portrait *\/\n@media (min-width: 768px) and (max-width: 1018px)\n{\n.tdi_11{\npadding-right:10px !important;\npadding-left:5px !important;\n}\n}\n\n<\/style><div class=\"vc_column tdi_13  wpb_column vc_column_container tdc-column td-pb-span12\">\n<style scoped>\n\n\/* custom css *\/\n.tdi_13{\r\n                    vertical-align: baseline;\r\n                }.tdi_13 > .wpb_wrapper,\r\n\t\t\t\t.tdi_13 > .wpb_wrapper > .tdc-elements{\r\n\t\t\t\t    display: block;\r\n\t\t\t\t}.tdi_13 > .wpb_wrapper > .tdc-elements{\r\n\t\t\t\t    width: 100%;\r\n\t\t\t\t}.tdi_13 > .wpb_wrapper > .vc_row_inner{\r\n\t\t\t\t    width: auto;\r\n\t\t\t\t}.tdi_13 > .wpb_wrapper{\r\n\t\t\t\t    width: auto;\r\n\t\t\t\t    height: auto;\r\n\t\t\t\t}\n\/* inline tdc_css att *\/\n\n.tdi_13{\nwidth:100% !important;\n}\n\n\/* phone *\/\n@media (max-width: 767px)\n{\n.tdi_13{\nmargin-bottom:60px !important;\nwidth:100% !important;\n}\n}\n\n\/* portrait *\/\n@media (min-width: 768px) and (max-width: 1018px)\n{\n.tdi_13{\npadding-left:30px !important;\n}\n}\n\n<\/style><div class=\"wpb_wrapper\"><div class=\"td_block_wrap td_block_title tdi_14 td-pb-border-top td_block_template_2 td-fix-index\"  data-td-block-uid=\"tdi_14\" >\n<style>\n.td_block_template_2.widget > ul > li {\r\n                margin-left: 0 !important;\r\n            }\r\n            \r\n            .td_block_template_2 .td-block-title {\r\n                font-size: 17px;\r\n                font-weight: 500;\r\n                margin-top: 0;\r\n                margin-bottom: 16px;\r\n                line-height: 31px;\r\n                text-align: left;\r\n            }\r\n            .td_block_template_2 .td-block-title > * {\r\n                color: #000;\r\n            }\r\n            .td_block_template_2 .td-related-title a {\r\n                padding: 0 20px 0 0;\r\n            }\r\n            @media (max-width: 767px) {\r\n                .td_block_template_2 .td-related-title a {\r\n                    font-size: 15px;\r\n                }\r\n            }\r\n            .td_block_template_2 .td-related-title .td-cur-simple-item {\r\n                color: #4db2ec;\r\n            }\r\n            \r\n            \r\n            \r\n            \r\n            .td-theme-wrap .tdi_14 .td-block-title > *,\r\n            .td-theme-wrap .tdi_14 .td-pulldown-filter-link:hover,\r\n            .td-theme-wrap .tdi_14 .td-subcat-item a:hover,\r\n            .td-theme-wrap .tdi_14 .td-subcat-item .td-cur-simple-item,\r\n            .td-theme-wrap .tdi_14 .td-subcat-dropdown:hover .td-subcat-more span,\r\n            .td-theme-wrap .tdi_14 .td-subcat-dropdown:hover .td-subcat-more i {\r\n                color: #000066;\r\n            }\r\n\r\n            .td-theme-wrap .tdi_14 .td-subcat-dropdown ul:after {\r\n                background-color: #000066;\r\n            }\r\n            \r\n            \r\n            .td-theme-wrap .tdi_14 .td_module_wrap:hover .entry-title a,\r\n            .td-theme-wrap .tdi_14 .td_quote_on_blocks,\r\n            .td-theme-wrap .tdi_14 .td-opacity-cat .td-post-category:hover,\r\n            .td-theme-wrap .tdi_14 .td-opacity-read .td-read-more a:hover,\r\n            .td-theme-wrap .tdi_14 .td-opacity-author .td-post-author-name a:hover,\r\n            .td-theme-wrap .tdi_14 .td-instagram-user a {\r\n                color: #000066;\r\n            }\r\n\r\n            .td-theme-wrap .tdi_14 .td-next-prev-wrap a:hover,\r\n            .td-theme-wrap .tdi_14 .td-load-more-wrap a:hover {\r\n                background-color: #000066;\r\n                border-color: #000066;\r\n            }\r\n\r\n            .td-theme-wrap .tdi_14 .td-read-more a,\r\n            .td-theme-wrap .tdi_14 .td-weather-information:before,\r\n            .td-theme-wrap .tdi_14 .td-weather-week:before,\r\n            .td-theme-wrap .tdi_14 .td-exchange-header:before,\r\n            .td-theme-wrap .td-footer-wrapper .tdi_14 .td-post-category,\r\n            .td-theme-wrap .tdi_14 .td-post-category:hover {\r\n                background-color: #000066;\r\n            }\n\/* inline tdc_css att *\/\n\n.tdi_14{\nmargin-bottom:20px !important;\npadding-bottom:0px !important;\npadding-left:10px !important;\nborder-color:#cc0000 !important;\nwidth:350px !important;\nborder-style:solid !important;\nborder-width: 0px 0px 0px 4px !important;\n}\n\n<\/style>\n<style>\n\/* custom css *\/\nbody .tdi_14 .td-block-title a,\r\n\t\t\t\tbody .tdi_14 .td-block-title span{\r\n\t\t\t\t\tfont-family:Cormorant Garamond !important;font-size:46px !important;line-height:1 !important;font-weight:600 !important;\r\n\t\t\t\t}body .tdi_14 .td-block-title{\r\n\t\t\t\t\ttext-align: left;\r\n\t\t\t\t}body .tdi_14.td_block_template_4 .td-block-title > *:before{\r\n\t\t\t\t    right: auto;\r\n\t\t\t\t    left: 10px;\r\n\t\t\t\t}body .tdi_14.td_block_template_5 .td-block-title > *{\r\n\t\t\t\t    border-width: 0 0 0 4px;\r\n\t\t\t\t}body .tdi_14.td_block_template_8 .td-block-title > *{\r\n\t\t\t\t\tpadding-left: 0;\r\n\t\t\t\t\tpadding-right: 20px;\r\n\t\t\t\t}body .tdi_14.td_block_template_9 .td-block-title:after{\r\n\t\t\t\t\tright: auto;\r\n\t\t\t\t\tleft: 0;\r\n\t\t\t\t}body .tdi_14.td_block_template_13 .td-block-subtitle{\r\n\t\t\t\t\tright: auto;\r\n\t\t\t\t\tleft: -4px;\r\n\t\t\t\t}body .tdi_14.td_block_template_17 .td-block-title:after{\r\n\t\t\t\t\tright: auto;\r\n\t\t\t\t\tleft: 15px;\r\n\t\t\t\t}\n<\/style><div class=\"td-block-title-wrap\"><h4 class=\"td-block-title\"><span class=\"td-pulldown-size\">Program forum<\/span><\/h4><\/div><\/div><div class=\"wpb_wrapper wpb_text_column td_block_wrap td_block_wrap vc_column_text tdi_15  tagdiv-type td-pb-border-top td_block_template_1\"  data-td-block-uid=\"tdi_15\" >\n<style>\n\/* custom css *\/\n.tdi_15{\r\n\t\t\t        color: #000066;\r\n\t\t        }.tdi_15 h1,\r\n\t\t\t\t.tdi_15 h2,\r\n\t\t\t\t.tdi_15 h3,\r\n\t\t\t\t.tdi_15 h4,\r\n\t\t\t\t.tdi_15 h5,\r\n\t\t\t\t.tdi_15 h6{\r\n\t\t\t        color: #000066;\r\n\t\t        }\n<\/style><div class=\"td-block-title-wrap\"><\/div><div class=\"td-fix-index\"><h3><strong>Nowe europejskie zalecenia dotycz\u0105ce diagnostyki i leczenia chorych na niewydolno\u015b\u0107 serca (2021): <\/strong><br \/><strong>jak skutecznie wdra\u017ca\u0107 je do praktyki klinicznej?<\/strong><\/h3>\n<h4>Forum Eksperckie dla kraj\u00f3w Europy Centralnej i Wschodniej oraz kraj\u00f3w ba\u0142tyckich<br \/><strong>31 sierpnia 2021, Wroc\u0142aw<\/strong> (spotkanie hybrydowe)<br \/><strong>14:00-16:00 CET<\/strong><br \/>Przewodnicz\u0105cy: <strong>Prof. Piotr Ponikowski, Prof. Marco Metra, Prof. Ewa A. Jankowska<\/strong><\/h4>\n<\/div><\/div><\/div><\/div><\/div><\/div><div id=\"tdi_16\" class=\"tdc-row stretch_row\"><div class=\"vc_row tdi_17  wpb_row td-pb-row tdc-element-style\" >\n<style scoped>\n\n\/* custom css *\/\n.tdi_17,\r\n                .tdi_17 .tdc-columns{\r\n                    min-height: 0;\r\n                }.tdi_17,\r\n\t\t\t\t.tdi_17 .tdc-columns{\r\n\t\t\t\t    display: block;\r\n\t\t\t\t}.tdi_17 .tdc-columns{\r\n\t\t\t\t    width: 100%;\r\n\t\t\t\t}\n\/* inline tdc_css att *\/\n\n.tdi_17{\npadding-top:50px !important;\nposition:relative;\n}\n\n.tdi_17 .td_block_wrap{ text-align:left }\n\n<\/style>\n<div class=\"tdi_16_rand_style td-element-style\" ><style>\n.tdi_16_rand_style{\nbackground-color:rgba(0,0,0,0.05) !important;\n}\n <\/style><\/div><div class=\"vc_column tdi_19  wpb_column vc_column_container tdc-column td-pb-span12\">\n<style scoped>\n\n\/* custom css *\/\n.tdi_19{\r\n                    vertical-align: middle;\r\n                }.tdi_19 > .wpb_wrapper,\r\n\t\t\t\t.tdi_19 > .wpb_wrapper > .tdc-elements{\r\n\t\t\t\t    display: block;\r\n\t\t\t\t}.tdi_19 > .wpb_wrapper > .tdc-elements{\r\n\t\t\t\t    width: 100%;\r\n\t\t\t\t}.tdi_19 > .wpb_wrapper > .vc_row_inner{\r\n\t\t\t\t    width: auto;\r\n\t\t\t\t}.tdi_19 > .wpb_wrapper{\r\n\t\t\t\t    width: auto;\r\n\t\t\t\t    height: auto;\r\n\t\t\t\t}\n<\/style><div class=\"wpb_wrapper\"><div class=\"td_block_wrap td_block_text_with_title tdi_20 tagdiv-type td-pb-border-top td_block_template_8\"  data-td-block-uid=\"tdi_20\" >\n<style>\n\/* custom css *\/\n.td_block_text_with_title{\r\n                  margin-bottom: 44px;\r\n                  -webkit-transform: translateZ(0);\r\n                  transform: translateZ(0);\r\n                }.td_block_text_with_title p:last-child{\r\n                  margin-bottom: 0;\r\n                }\n<\/style><div class=\"td-block-title-wrap\"><\/div><div class=\"td_mod_wrap td-fix-index\"><h5><strong style=\"color: #cc0000;\">1.<\/strong> Co nowego w zaleceniach dotycz\u0105cych diagnostyki i leczenia chorych na niewydolno\u015b\u0107 serca (2021)? <strong>Prof. Marco Metra<\/strong><br \/><strong style=\"color: #cc0000;\">2.<\/strong> Farmakoterapia u chorych na niewydolno\u015b\u0107 serca. <strong>Prof. Giuseppe Rosano<\/strong><br \/><strong style=\"color: #cc0000;\">3.<\/strong> Urz\u0105dzenia wszczepialne u chorych na niewydolno\u015b\u0107 serca. <strong>Prof. Andrew Coats<\/strong><br \/><strong style=\"color: #cc0000;\">4.<\/strong> Schorzenia towarzysz\u0105ce jako wa\u017cny cel terapeutyczny u chorych na niewydolno\u015b\u0107 serca. <strong>Prof.\u00a0Ewa\u00a0A.\u00a0Jankowska<\/strong><br \/><strong style=\"color: #cc0000;\">5.<\/strong> Stare (2016) versus nowe (2021) zalecenia dotycz\u0105ce diagnostyki i leczenia chorych na niewydolno\u015b\u0107 serca: jak bardzo si\u0119 r\u00f3\u017cni\u0105? <strong>Prof.\u00a0Piotr Ponikowski<\/strong><\/h5>\n<h5><strong style=\"color: #cc0000;\">Dyskusja panelowa:<\/strong><br \/><strong>prof. Piotr Ponikowski, prof. Marco Metra, prof. Ewa A. Jankowska, prof. Andrew Coats, prof. Giuseppe Rosano, prof.\u00a0Jan\u00a0B\u011blohl\u00e1vek, prof.\u00a0Jelena Celutkiene, prof. Ovidiu Chioncel, prof. Mitja Lain\u0161\u010dak, prof. Davor Mili\u010di\u0107, prof. Robert Sepp, prof.\u00a0Yoto\u00a0Yotov<\/strong><\/h5>\n<\/div><\/div><div class=\"tdm_block td_block_wrap tdm_block_button tdi_21 tdm-block-button-inline tdm-content-horiz-left td-pb-border-top td_block_template_1\"  data-td-block-uid=\"tdi_21\"     >\n<style>\n\n\/* inline tdc_css att *\/\n\n.tdi_21{\nmargin-top:0px !important;\nmargin-right:30px !important;\nmargin-bottom:20px !important;\n}\n\n<\/style>\n<style>\n\/* custom css *\/\n.tdm_block.tdm_block_button{\r\n                  margin-bottom: 0;\r\n                }.tdm_block.tdm_block_button .tds-button{\r\n                  line-height: 0;\r\n                }.tdm_block.tdm_block_button.tdm-block-button-inline{\r\n                  display: inline-block;\r\n                }.tdm_block.tdm_block_button.tdm-block-button-full,\r\n                .tdm_block.tdm_block_button.tdm-block-button-full .tdm-btn{\r\n                  display: block;\r\n                }\n<\/style>\n<style>\nbody .tdi_22 .tdm-btn,\r\n\t\t\t\tbody .tdi_22{\r\n\t\t\t\t\tbackground-color: #000066;\r\n\t\t\t\t}.tdi_22:hover .tdm-btn{\r\n\t\t\t\t\tbackground-color: #cc0000;\r\n\t\t\t\t}\n<\/style><div class=\"tds-button td-fix-index\"><div class=\"tds-button4 tdm-btn-lg-wrap tdi_22\"><a href=\"https:\/\/hfgls2021.com\/\" class=\"tdm-btn tdm-button-a tdm-btn-lg\"  target=\"_blank\" ><span class=\"tdm-btn-text\">SZCZEG\u00d3\u0141Y WYDARZENIA &gt;&gt;&gt;<\/span><\/a><a href=\"https:\/\/hfgls2021.com\/\" class=\"tdm-btn tdm-button-b tdm-btn-lg\"  target=\"_blank\" ><span class=\"tdm-btn-text\">SZCZEG\u00d3\u0141Y WYDARZENIA &gt;&gt;&gt;<\/span><\/a><\/div><\/div><\/div><\/div><\/div><\/div><\/div><\/div><\/div>","protected":false},"excerpt":{"rendered":"","protected":false},"author":1,"featured_media":0,"parent":0,"menu_order":0,"comment_status":"closed","ping_status":"closed","template":"","meta":{"footnotes":""},"class_list":["post-339","page","type-page","status-publish"],"_links":{"self":[{"href":"https:\/\/instytut.umw.edu.pl\/expertforum\/wp-json\/wp\/v2\/pages\/339","targetHints":{"allow":["GET"]}}],"collection":[{"href":"https:\/\/instytut.umw.edu.pl\/expertforum\/wp-json\/wp\/v2\/pages"}],"about":[{"href":"https:\/\/instytut.umw.edu.pl\/expertforum\/wp-json\/wp\/v2\/types\/page"}],"author":[{"embeddable":true,"href":"https:\/\/instytut.umw.edu.pl\/expertforum\/wp-json\/wp\/v2\/users\/1"}],"replies":[{"embeddable":true,"href":"https:\/\/instytut.umw.edu.pl\/expertforum\/wp-json\/wp\/v2\/comments?post=339"}],"version-history":[{"count":38,"href":"https:\/\/instytut.umw.edu.pl\/expertforum\/wp-json\/wp\/v2\/pages\/339\/revisions"}],"predecessor-version":[{"id":1203,"href":"https:\/\/instytut.umw.edu.pl\/expertforum\/wp-json\/wp\/v2\/pages\/339\/revisions\/1203"}],"wp:attachment":[{"href":"https:\/\/instytut.umw.edu.pl\/expertforum\/wp-json\/wp\/v2\/media?parent=339"}],"curies":[{"name":"wp","href":"https:\/\/api.w.org\/{rel}","templated":true}]}}