{"id":391,"date":"2021-03-11T11:13:29","date_gmt":"2021-03-11T10:13:29","guid":{"rendered":"https:\/\/educardio.umw.edu.pl\/nurses\/?page_id=391"},"modified":"2021-10-12T11:40:41","modified_gmt":"2021-10-12T09:40:41","slug":"wprowadzenie","status":"publish","type":"page","link":"https:\/\/instytut.umw.edu.pl\/nurses\/wprowadzenie\/","title":{"rendered":"Wprowadzenie"},"content":{"rendered":"<div id=\"tdi_1\" class=\"tdc-zone\"><div class=\"tdc_zone tdi_2  wpb_row td-pb-row\"  >\n<style scoped>\n\n\/* custom css *\/\n.tdi_2{\r\n                    min-height: 0;\r\n                }\n<\/style><div id=\"tdi_3\" class=\"tdc-row stretch_row_1800 td-stretch-content\"><div class=\"vc_row tdi_4  wpb_row td-pb-row\" >\n<style scoped>\n\n\/* custom css *\/\n.tdi_4,\r\n                .tdi_4 .tdc-columns{\r\n                    min-height: 140px;\r\n                }.tdi_4,\r\n\t\t\t\t.tdi_4 .tdc-columns{\r\n\t\t\t\t    display: block;\r\n\t\t\t\t}.tdi_4 .tdc-columns{\r\n\t\t\t\t    width: 100%;\r\n\t\t\t\t}\n\n\/* landscape *\/\n@media (min-width: 1019px) and (max-width: 1140px){\n.tdi_4,\r\n                .tdi_4 .tdc-columns{\r\n                    min-height: 180px;\r\n                }\n}\n\n\/* portrait *\/\n@media (min-width: 768px) and (max-width: 1018px){\n.tdi_4,\r\n                .tdi_4 .tdc-columns{\r\n                    min-height: 220px;\r\n                }\n}\n<\/style><div class=\"vc_column tdi_6  wpb_column vc_column_container tdc-column td-pb-span12\">\n<style scoped>\n\n\/* custom css *\/\n.tdi_6{\r\n                    vertical-align: baseline;\r\n                }.tdi_6 > .wpb_wrapper,\r\n\t\t\t\t.tdi_6 > .wpb_wrapper > .tdc-elements{\r\n\t\t\t\t    display: block;\r\n\t\t\t\t}.tdi_6 > .wpb_wrapper > .tdc-elements{\r\n\t\t\t\t    width: 100%;\r\n\t\t\t\t}.tdi_6 > .wpb_wrapper > .vc_row_inner{\r\n\t\t\t\t    width: auto;\r\n\t\t\t\t}.tdi_6 > .wpb_wrapper{\r\n\t\t\t\t    width: auto;\r\n\t\t\t\t    height: auto;\r\n\t\t\t\t}\n\n\/* landscape *\/\n@media (min-width: 1019px) and (max-width: 1140px){\n.tdi_6 > .wpb_wrapper,\r\n\t\t\t\t.tdi_6 > .wpb_wrapper > .tdc-elements{\r\n                    min-height: 1px;\r\n                }\n}\n<\/style><div class=\"wpb_wrapper\"><div class=\"tdm_block td_block_wrap tdm_block_inline_text tdi_7 td-pb-border-top td_block_template_1\"  data-td-block-uid=\"tdi_7\" >\n<style>\n\n\/* inline tdc_css att *\/\n\n.tdi_7{\npadding-top:20px !important;\npadding-bottom:20px !important;\n}\n\n<\/style>\n<style>\n\/* custom css *\/\n.tdm_block.tdm_block_inline_text{\r\n                  margin-bottom: 0;\r\n                  vertical-align: top;\r\n                }.tdm_block.tdm_block_inline_text .tdm-descr{\r\n                  margin-bottom: 0;\r\n                  -webkit-transform: translateZ(0);\r\n                  transform: translateZ(0);\r\n                }.tdc-row-content-vert-center .tdm-inline-text-yes{\r\n                  vertical-align: middle;\r\n                }.tdc-row-content-vert-bottom .tdm-inline-text-yes{\r\n                  vertical-align: bottom;\r\n                }.tdi_7{\r\n                    text-align: center !important;\r\n                    margin-right: auto; \r\n                    margin-left: auto;\r\n                }.tdi_7 .tdm-descr{\r\n                    color: #ffffff;\r\n                \r\n\t\t\t\t\tfont-family:Alegreya Sans SC !important;font-size:26px !important;line-height:1.6 !important;font-weight:300 !important;letter-spacing:3.0px !important;\r\n\t\t\t\t}\n\n\/* landscape *\/\n@media (min-width: 1019px) and (max-width: 1140px){\n.tdi_7 .tdm-descr{\r\n\t\t\t\t\tfont-family:Alegreya Sans SC !important;font-size:24px !important;line-height:1.6 !important;font-weight:300 !important;letter-spacing:3.0px !important;\r\n\t\t\t\t}\n}\n\n\/* portrait *\/\n@media (min-width: 768px) and (max-width: 1018px){\n.tdi_7 .tdm-descr{\r\n\t\t\t\t\tfont-family:Alegreya Sans SC !important;font-size:18px !important;line-height:1.6 !important;font-weight:300 !important;letter-spacing:3.0px !important;\r\n\t\t\t\t}\n}\n\n\/* phone *\/\n@media (max-width: 767px){\n.tdi_7 .tdm-descr{\r\n\t\t\t\t\tfont-family:Alegreya Sans SC !important;font-size:16px !important;line-height:1.6 !important;font-weight:300 !important;letter-spacing:3.0px !important;\r\n\t\t\t\t}\n}\n<\/style><p class=\"tdm-descr\">educardio<\/p><\/div><div class=\"tdm_block td_block_wrap tdm_block_inline_text tdi_8 td-pb-border-top td_block_template_1\"  data-td-block-uid=\"tdi_8\" >\n<style>\n\/* custom css *\/\n.tdi_8{\r\n                    text-align: center !important;\r\n                    margin-right: auto; \r\n                    margin-left: auto;\r\n                }.tdi_8 .tdm-descr{\r\n                    color: #ffffff;\r\n                \r\n\t\t\t\t\tfont-family:Cormorant Garamond !important;font-size:40px !important;line-height:1.2 !important;font-weight:400 !important;letter-spacing:1.5px !important;\r\n\t\t\t\t}\n\n\/* landscape *\/\n@media (min-width: 1019px) and (max-width: 1140px){\n.tdi_8 .tdm-descr{\r\n\t\t\t\t\tfont-family:Cormorant Garamond !important;font-size:64px !important;line-height:1.2 !important;font-weight:400 !important;letter-spacing:1.5px !important;\r\n\t\t\t\t}\n}\n\n\/* portrait *\/\n@media (min-width: 768px) and (max-width: 1018px){\n.tdi_8 .tdm-descr{\r\n\t\t\t\t\tfont-family:Cormorant Garamond !important;font-size:48px !important;line-height:1.2 !important;font-weight:400 !important;letter-spacing:1.5px !important;\r\n\t\t\t\t}\n}\n\n\/* phone *\/\n@media (max-width: 767px){\n.tdi_8 .tdm-descr{\r\n\t\t\t\t\tfont-family:Cormorant Garamond !important;font-size:36px !important;line-height:1.2 !important;font-weight:400 !important;letter-spacing:1.5px !important;\r\n\t\t\t\t}\n}\n<\/style><p class=\"tdm-descr\">Szkolenia dla\u00a0piel\u0119gniarek <br>z\u00a0niewydolno\u015bci serca<\/p><\/div><\/div><\/div><\/div><\/div><div id=\"tdi_9\" class=\"tdc-row stretch_row\"><div class=\"vc_row tdi_10  wpb_row td-pb-row tdc-element-style\" >\n<style scoped>\n\n\/* custom css *\/\n.tdi_10,\r\n                .tdi_10 .tdc-columns{\r\n                    min-height: 0;\r\n                }.tdi_10,\r\n\t\t\t\t.tdi_10 .tdc-columns{\r\n\t\t\t\t    display: block;\r\n\t\t\t\t}.tdi_10 .tdc-columns{\r\n\t\t\t\t    width: 100%;\r\n\t\t\t\t}@media (min-width: 768px) {\r\n\t                .tdi_10 {\r\n\t                    margin-left: -10px;\r\n\t                    margin-right: -10px;\r\n\t                }\r\n\t                .tdi_10 .tdc-row-video-background-error,\r\n\t                .tdi_10 .vc_column {\r\n\t                    padding-left: 10px;\r\n\t                    padding-right: 10px;\r\n\t                }\r\n                }\n\n\/* portrait *\/\n@media (min-width: 768px) and (max-width: 1018px){\n@media (min-width: 768px) {\r\n\t                .tdi_10 {\r\n\t                    margin-left: -5px;\r\n\t                    margin-right: -5px;\r\n\t                }\r\n\t                .tdi_10 .tdc-row-video-background-error,\r\n\t                .tdi_10 .vc_column {\r\n\t                    padding-left: 5px;\r\n\t                    padding-right: 5px;\r\n\t                }\r\n                }\n}\n\/* inline tdc_css att *\/\n\n.tdi_10{\nmargin-bottom:50px !important;\npadding-top:50px !important;\npadding-bottom:10px !important;\nposition:relative;\n}\n\n.tdi_10 .td_block_wrap{ text-align:left }\n\n\/* landscape *\/\n@media (min-width: 1019px) and (max-width: 1140px)\n{\n.tdi_10{\nposition:relative;\n}\n}\n\n\/* portrait *\/\n@media (min-width: 768px) and (max-width: 1018px)\n{\n.tdi_10{\npadding-right:10px !important;\npadding-left:5px !important;\nposition:relative;\n}\n}\n\n\/* phone *\/\n@media (max-width: 767px)\n{\n.tdi_10{\nposition:relative;\n}\n}\n\n<\/style>\n<div class=\"tdi_9_rand_style td-element-style\" ><div class=\"td-element-style-before\"><style>\n.tdi_9_rand_style > .td-element-style-before {\ncontent:'' !important;\nwidth:100% !important;\nheight:100% !important;\nposition:absolute !important;\ntop:0 !important;\nleft:0 !important;\ndisplay:block !important;\nz-index:0 !important;\nbackground-image:url(\"https:\/\/educardio.umed.wroc.pl\/nurses\/wp-content\/uploads\/2021\/06\/nurses-white-scaled-e1623081663400.jpg\") !important;\nbackground-repeat: no-repeat !important;\nbackground-size:contain !important;\nopacity:70% !important;\nbackground-position:center top !important;\n}\n\n\/* landscape *\/\n@media (min-width: 1019px) and (max-width: 1140px)\n{\n.tdi_9_rand_style > .td-element-style-before{\ncontent:'' !important;\nwidth:100% !important;\nheight:100% !important;\nposition:absolute !important;\ntop:0 !important;\nleft:0 !important;\ndisplay:block !important;\nz-index:0 !important;\nopacity:0% !important;\n}\n}\n\n\/* portrait *\/\n@media (min-width: 768px) and (max-width: 1018px)\n{\n.tdi_9_rand_style > .td-element-style-before{\ncontent:'' !important;\nwidth:100% !important;\nheight:100% !important;\nposition:absolute !important;\ntop:0 !important;\nleft:0 !important;\ndisplay:block !important;\nz-index:0 !important;\nopacity:0% !important;\n}\n}\n\n\/* phone *\/\n@media (max-width: 767px)\n{\n.tdi_9_rand_style > .td-element-style-before{\ncontent:'' !important;\nwidth:100% !important;\nheight:100% !important;\nposition:absolute !important;\ntop:0 !important;\nleft:0 !important;\ndisplay:block !important;\nz-index:0 !important;\nopacity:0% !important;\n}\n}\n<\/style><\/div><\/div><div class=\"vc_column tdi_12  wpb_column vc_column_container tdc-column td-pb-span12\">\n<style scoped>\n\n\/* custom css *\/\n.tdi_12{\r\n                    vertical-align: baseline;\r\n                }.tdi_12 > .wpb_wrapper,\r\n\t\t\t\t.tdi_12 > .wpb_wrapper > .tdc-elements{\r\n\t\t\t\t    display: block;\r\n\t\t\t\t}.tdi_12 > .wpb_wrapper > .tdc-elements{\r\n\t\t\t\t    width: 100%;\r\n\t\t\t\t}.tdi_12 > .wpb_wrapper > .vc_row_inner{\r\n\t\t\t\t    width: auto;\r\n\t\t\t\t}.tdi_12 > .wpb_wrapper{\r\n\t\t\t\t    width: auto;\r\n\t\t\t\t    height: auto;\r\n\t\t\t\t}\n\/* inline tdc_css att *\/\n\n.tdi_12{\nwidth:100% !important;\n}\n\n\/* phone *\/\n@media (max-width: 767px)\n{\n.tdi_12{\nmargin-bottom:60px !important;\nwidth:100% !important;\n}\n}\n\n\/* portrait *\/\n@media (min-width: 768px) and (max-width: 1018px)\n{\n.tdi_12{\npadding-left:30px !important;\n}\n}\n\n<\/style><div class=\"wpb_wrapper\"><div class=\"td_block_wrap td_block_title tdi_13 td-pb-border-top td_block_template_2 td-fix-index\"  data-td-block-uid=\"tdi_13\" >\n<style>\n.td_block_template_2.widget > ul > li {\r\n                margin-left: 0 !important;\r\n            }\r\n            \r\n            .td_block_template_2 .td-block-title {\r\n                font-size: 17px;\r\n                font-weight: 500;\r\n                margin-top: 0;\r\n                margin-bottom: 16px;\r\n                line-height: 31px;\r\n                text-align: left;\r\n            }\r\n            .td_block_template_2 .td-block-title > * {\r\n                color: #000;\r\n            }\r\n            .td_block_template_2 .td-related-title a {\r\n                padding: 0 20px 0 0;\r\n            }\r\n            @media (max-width: 767px) {\r\n                .td_block_template_2 .td-related-title a {\r\n                    font-size: 15px;\r\n                }\r\n            }\r\n            .td_block_template_2 .td-related-title .td-cur-simple-item {\r\n                color: #4db2ec;\r\n            }\r\n            \r\n            \r\n            \r\n            \r\n            .td-theme-wrap .tdi_13 .td-block-title > *,\r\n            .td-theme-wrap .tdi_13 .td-pulldown-filter-link:hover,\r\n            .td-theme-wrap .tdi_13 .td-subcat-item a:hover,\r\n            .td-theme-wrap .tdi_13 .td-subcat-item .td-cur-simple-item,\r\n            .td-theme-wrap .tdi_13 .td-subcat-dropdown:hover .td-subcat-more span,\r\n            .td-theme-wrap .tdi_13 .td-subcat-dropdown:hover .td-subcat-more i {\r\n                color: #000066;\r\n            }\r\n\r\n            .td-theme-wrap .tdi_13 .td-subcat-dropdown ul:after {\r\n                background-color: #000066;\r\n            }\r\n            \r\n            \r\n            .td-theme-wrap .tdi_13 .td_module_wrap:hover .entry-title a,\r\n            .td-theme-wrap .tdi_13 .td_quote_on_blocks,\r\n            .td-theme-wrap .tdi_13 .td-opacity-cat .td-post-category:hover,\r\n            .td-theme-wrap .tdi_13 .td-opacity-read .td-read-more a:hover,\r\n            .td-theme-wrap .tdi_13 .td-opacity-author .td-post-author-name a:hover,\r\n            .td-theme-wrap .tdi_13 .td-instagram-user a {\r\n                color: #000066;\r\n            }\r\n\r\n            .td-theme-wrap .tdi_13 .td-next-prev-wrap a:hover,\r\n            .td-theme-wrap .tdi_13 .td-load-more-wrap a:hover {\r\n                background-color: #000066;\r\n                border-color: #000066;\r\n            }\r\n\r\n            .td-theme-wrap .tdi_13 .td-read-more a,\r\n            .td-theme-wrap .tdi_13 .td-weather-information:before,\r\n            .td-theme-wrap .tdi_13 .td-weather-week:before,\r\n            .td-theme-wrap .tdi_13 .td-exchange-header:before,\r\n            .td-theme-wrap .td-footer-wrapper .tdi_13 .td-post-category,\r\n            .td-theme-wrap .tdi_13 .td-post-category:hover {\r\n                background-color: #000066;\r\n            }\n\/* inline tdc_css att *\/\n\n.tdi_13{\nmargin-bottom:20px !important;\npadding-bottom:0px !important;\npadding-left:10px !important;\nborder-color:#cc0000 !important;\nwidth:400px !important;\nborder-style:solid !important;\nborder-width: 0px 0px 0px 4px !important;\n}\n\n<\/style>\n<style>\n\/* custom css *\/\nbody .tdi_13 .td-block-title a,\r\n\t\t\t\tbody .tdi_13 .td-block-title span{\r\n\t\t\t\t\tfont-family:Cormorant Garamond !important;font-size:46px !important;line-height:1 !important;font-weight:600 !important;\r\n\t\t\t\t}body .tdi_13 .td-block-title{\r\n\t\t\t\t\ttext-align: left;\r\n\t\t\t\t}body .tdi_13.td_block_template_4 .td-block-title > *:before{\r\n\t\t\t\t    right: auto;\r\n\t\t\t\t    left: 10px;\r\n\t\t\t\t}body .tdi_13.td_block_template_5 .td-block-title > *{\r\n\t\t\t\t    border-width: 0 0 0 4px;\r\n\t\t\t\t}body .tdi_13.td_block_template_8 .td-block-title > *{\r\n\t\t\t\t\tpadding-left: 0;\r\n\t\t\t\t\tpadding-right: 20px;\r\n\t\t\t\t}body .tdi_13.td_block_template_9 .td-block-title:after{\r\n\t\t\t\t\tright: auto;\r\n\t\t\t\t\tleft: 0;\r\n\t\t\t\t}body .tdi_13.td_block_template_13 .td-block-subtitle{\r\n\t\t\t\t\tright: auto;\r\n\t\t\t\t\tleft: -4px;\r\n\t\t\t\t}body .tdi_13.td_block_template_17 .td-block-title:after{\r\n\t\t\t\t\tright: auto;\r\n\t\t\t\t\tleft: 15px;\r\n\t\t\t\t}\n\n\/* phone *\/\n@media (max-width: 767px){\nbody .tdi_13 .td-block-title a,\r\n\t\t\t\tbody .tdi_13 .td-block-title span{\r\n\t\t\t\t\tfont-family:Cormorant Garamond !important;font-size:40px !important;line-height:1 !important;font-weight:600 !important;\r\n\t\t\t\t}\n}\n<\/style><div class=\"td-block-title-wrap\"><h4 class=\"td-block-title\"><span class=\"td-pulldown-size\">Szanowni Pa\u0144stwo,<\/span><\/h4><\/div><\/div><div class=\"tdm_block td_block_wrap tdm_block_inline_text tdi_14 tdm-inline-block td-pb-border-top td_block_template_1\"  data-td-block-uid=\"tdi_14\" >\n<style>\n\n\/* inline tdc_css att *\/\n\n.tdi_14{\nmargin-top:0px !important;\npadding-top:0px !important;\n}\n\n<\/style>\n<style>\n\/* custom css *\/\n.tdi_14{\r\n                    text-align: left !important;\r\n                }\n<\/style><p class=\"tdm-descr\"><p class=\"tdm-descr\" style=\"text-align:justify;  margin-bottom:12px;\">Witamy serdecznie na stronie dedykowanej wydarzeniom edukacyjnym realizowanym w formie spotka\u0144 wirtualnych, odbywaj\u0105cych si\u0119 pod patronatem Uniwersytetu Medycznego we Wroc\u0142awiu, przy wsparciu AstraZeneca Pharma Poland sp. z o.o.<\/p>\n\n<p class=\"tdm-descr\" style=\"text-align:justify;  margin-bottom:12px;\">Zalecenia Europejskiego Towarzystwa Kardiologicznego, dotycz\u0105ce opieki nad pacjentami z niewydolno\u015bci\u0105 serca wskazuj\u0105 na konieczno\u015b\u0107 zapewnienia pacjentom ci\u0105g\u0142o\u015bci leczenia i rol\u0119 opieki multidyscyplinarnej,  sprawowanej przez kardiologa wsp\u00f3\u0142pracuj\u0105cego z lekarzem podstawowej opieki zdrowotnej i piel\u0119gniark\u0105 wyspecjalizowan\u0105 w opiece nad chorym z niewydolno\u015bci\u0105 serca. Pomimo ci\u0105g\u0142ego wskazywania kluczowej roli piel\u0119gniarek, szkolenia i edukacja w tym zakresie s\u0105 nadal pomijane w wielu krajach Europy \u015arodkowej, Wschodniej oraz krajach Ba\u0142tyckich.<\/p>\n\n<p class=\"tdm-descr\" style=\"text-align:justify;  margin-bottom:12px;\">Szkolenie STEP-ONE  zosta\u0142o stworzone jako cz\u0119\u015b\u0107 programu \u201eGlobal ACT on HF \u2013 Accelerate Change Together\u201d (\u201eDzia\u0142ajmy w obszarze niewydolno\u015bci serca \u2013 razem przy\u015bpieszmy zmian\u0119\u201d), kt\u00f3ry ma mi\u0119dzy innymi za zadanie zapewnienie wszystkim pacjentom z HF optymalnej i zintegrowanej opieki oraz umo\u017cliwienie im samodzielnego radzenia sobie z chorob\u0105.<\/p>\n\n<p class=\"tdm-descr\" style=\"text-align:justify;  margin-bottom:12px;\">Program szkolenia obejmuje przygotowanie lider\u00f3w z kraj\u00f3w Europy Centralnej i Wschodniej oraz kraj\u00f3w Ba\u0142tyckich, kt\u00f3rzy b\u0119d\u0105 odpowiedzialni za implementacje programu w swoich regionach oraz za wyszkolenie piel\u0119gniarek wyspecjalizowanych w opiece nad pacjentami z niewydolno\u015bci\u0105 serca. W kolejnym etapie nasza strona internetowa pozwoli tak\u017ce na wzi\u0119cie udzia\u0142u w szkoleniu, daj\u0105cym mo\u017cliwo\u015b\u0107 uzyskania certyfikatu piel\u0119gniarki niewydolno\u015bci serca. <\/p>\n\n<p class=\"tdm-descr\" style=\"text-align:justify;  margin-bottom:12px;\">Dlatego te\u017c serdecznie zapraszamy do udzia\u0142u w organizowanych przez nas szkoleniach.<br>\nNa stronie https:\/\/educardio.umed.wroc.pl\/nurses znajdziecie Pa\u0144stwo wszelkie zwi\u0105zane z nimi informacje i materia\u0142y edukacyjne. <\/p>\n\n<p class=\"tdm-descr\" style=\"text-align:justify;  \">Z serdecznymi pozdrowieniami,<br>\n<i>Rada Naukowa<\/i><\/p><\/p><\/div><div class=\"vc_row_inner tdi_16  vc_row vc_inner wpb_row td-pb-row\" >\n<style scoped>\n\n\/* custom css *\/\n.tdi_16{\r\n                    position: relative !important;\r\n                    top: 0;\r\n                    transform: none;\r\n                    -webkit-transform: none;\r\n                }.tdi_16,\r\n\t\t\t\t.tdi_16 .tdc-inner-columns{\r\n\t\t\t\t    display: block;\r\n\t\t\t\t}.tdi_16 .tdc-inner-columns{\r\n\t\t\t\t    width: 100%;\r\n\t\t\t\t}\n<\/style><div class=\"vc_column_inner tdi_18  wpb_column vc_column_container tdc-inner-column td-pb-span12\">\n<style scoped>\n\n\/* custom css *\/\n.tdi_18{\r\n                    vertical-align: baseline;\r\n                }.tdi_18 .vc_column-inner > .wpb_wrapper,\r\n\t\t\t\t.tdi_18 .vc_column-inner > .wpb_wrapper .tdc-elements{\r\n\t\t\t\t    display: block;\r\n\t\t\t\t}.tdi_18 .vc_column-inner > .wpb_wrapper .tdc-elements{\r\n\t\t\t\t    width: 100%;\r\n\t\t\t\t}\n\/* inline tdc_css att *\/\n\n.tdi_18{\nmargin-top:50px !important;\n}\n\n<\/style><div class=\"vc_column-inner\"><div class=\"wpb_wrapper\"><\/div><\/div><\/div><\/div><\/div><\/div><\/div><\/div><\/div><\/div>","protected":false},"excerpt":{"rendered":"","protected":false},"author":1,"featured_media":0,"parent":0,"menu_order":0,"comment_status":"closed","ping_status":"closed","template":"","meta":{"footnotes":""},"class_list":["post-391","page","type-page","status-publish"],"_links":{"self":[{"href":"https:\/\/instytut.umw.edu.pl\/nurses\/wp-json\/wp\/v2\/pages\/391","targetHints":{"allow":["GET"]}}],"collection":[{"href":"https:\/\/instytut.umw.edu.pl\/nurses\/wp-json\/wp\/v2\/pages"}],"about":[{"href":"https:\/\/instytut.umw.edu.pl\/nurses\/wp-json\/wp\/v2\/types\/page"}],"author":[{"embeddable":true,"href":"https:\/\/instytut.umw.edu.pl\/nurses\/wp-json\/wp\/v2\/users\/1"}],"replies":[{"embeddable":true,"href":"https:\/\/instytut.umw.edu.pl\/nurses\/wp-json\/wp\/v2\/comments?post=391"}],"version-history":[{"count":25,"href":"https:\/\/instytut.umw.edu.pl\/nurses\/wp-json\/wp\/v2\/pages\/391\/revisions"}],"predecessor-version":[{"id":1020,"href":"https:\/\/instytut.umw.edu.pl\/nurses\/wp-json\/wp\/v2\/pages\/391\/revisions\/1020"}],"wp:attachment":[{"href":"https:\/\/instytut.umw.edu.pl\/nurses\/wp-json\/wp\/v2\/media?parent=391"}],"curies":[{"name":"wp","href":"https:\/\/api.w.org\/{rel}","templated":true}]}}